{"id":2099,"date":"2025-02-04T11:59:58","date_gmt":"2025-02-04T10:59:58","guid":{"rendered":"https:\/\/urs.sggw.edu.pl\/?page_id=2099"},"modified":"2026-03-27T16:03:39","modified_gmt":"2026-03-27T15:03:39","slug":"dokumentacja","status":"publish","type":"page","link":"https:\/\/urs.sggw.edu.pl\/dokumentacja\/","title":{"rendered":"Dokumentacja"},"content":{"rendered":"\t\t<div data-elementor-type=\"wp-page\" data-elementor-id=\"2099\" class=\"elementor elementor-2099\" data-elementor-post-type=\"page\">\n\t\t\t\t<div class=\"elementor-element elementor-element-24da6ed e-con-full e-flex e-con e-child\" data-id=\"24da6ed\" data-element_type=\"container\" data-settings=\"{&quot;background_background&quot;:&quot;classic&quot;}\">\n\t\t\t\t<div class=\"elementor-element elementor-element-74de6f5 elementor-widget elementor-widget-heading\" data-id=\"74de6f5\" data-element_type=\"widget\" data-widget_type=\"heading.default\">\n\t\t\t\t<div class=\"elementor-widget-container\">\n\t\t\t<p class=\"elementor-heading-title elementor-size-default\">Regulamin szkolenia \u015bwiadomo\u015bciowego <br>\u201eZwi\u0119kszanie dost\u0119pno\u015bci uczelni dla os\u00f3b z niepe\u0142nosprawno\u015bciami\u201d oraz szkole\u0144 specjalistycznych - pracownicy<\/p>\t\t<\/div>\n\t\t\t\t<\/div>\n\t\t\t\t<div class=\"elementor-element elementor-element-c8b6013 elementor-widget elementor-widget-button\" data-id=\"c8b6013\" data-element_type=\"widget\" data-widget_type=\"button.default\">\n\t\t\t\t<div class=\"elementor-widget-container\">\n\t\t\t\t\t\t\t<div class=\"elementor-button-wrapper\">\n\t\t\t\t\t<a class=\"elementor-button elementor-button-link elementor-size-sm\" href=\"https:\/\/urs.sggw.edu.pl\/regulamin-szkolenia-swiadomosciowego\">\n\t\t\t\t\t\t<span class=\"elementor-button-content-wrapper\">\n\t\t\t\t\t\t\t\t\t<span class=\"elementor-button-text\">Kliknij tutaj<\/span>\n\t\t\t\t\t<\/span>\n\t\t\t\t\t<\/a>\n\t\t\t\t<\/div>\n\t\t\t\t\t\t<\/div>\n\t\t\t\t<\/div>\n\t\t\t\t<\/div>\n\t\t<div class=\"elementor-element elementor-element-71a4dff e-con-full e-flex e-con e-child\" data-id=\"71a4dff\" data-element_type=\"container\" data-settings=\"{&quot;background_background&quot;:&quot;classic&quot;}\">\n\t\t\t\t<div class=\"elementor-element elementor-element-356a28c elementor-widget elementor-widget-heading\" data-id=\"356a28c\" data-element_type=\"widget\" data-widget_type=\"heading.default\">\n\t\t\t\t<div class=\"elementor-widget-container\">\n\t\t\t<p class=\"elementor-heading-title elementor-size-default\">Regulamin szkole\u0144 \u015bwiadomo\u015bciowych oraz specjalistycznych - pracownicy<\/p>\t\t<\/div>\n\t\t\t\t<\/div>\n\t\t\t\t<div class=\"elementor-element elementor-element-f6cec96 elementor-widget elementor-widget-button\" data-id=\"f6cec96\" data-element_type=\"widget\" data-widget_type=\"button.default\">\n\t\t\t\t<div class=\"elementor-widget-container\">\n\t\t\t\t\t\t\t<div class=\"elementor-button-wrapper\">\n\t\t\t\t\t<a class=\"elementor-button elementor-button-link elementor-size-sm\" href=\"https:\/\/urs.sggw.edu.pl\/pl\/dokumentacja\/regulamin-szkolen-swiadomosciowych-oraz-specjalistycznych-pracownicy\/\">\n\t\t\t\t\t\t<span class=\"elementor-button-content-wrapper\">\n\t\t\t\t\t\t\t\t\t<span class=\"elementor-button-text\">Kliknij tutaj<\/span>\n\t\t\t\t\t<\/span>\n\t\t\t\t\t<\/a>\n\t\t\t\t<\/div>\n\t\t\t\t\t\t<\/div>\n\t\t\t\t<\/div>\n\t\t\t\t<\/div>\n\t\t<div class=\"elementor-element elementor-element-8729566 e-con-full e-flex e-con e-child\" data-id=\"8729566\" data-element_type=\"container\" data-settings=\"{&quot;background_background&quot;:&quot;classic&quot;}\">\n\t\t\t\t<div class=\"elementor-element elementor-element-fe76e0f elementor-widget elementor-widget-heading\" data-id=\"fe76e0f\" data-element_type=\"widget\" data-widget_type=\"heading.default\">\n\t\t\t\t<div class=\"elementor-widget-container\">\n\t\t\t<p class=\"elementor-heading-title elementor-size-default\">Regulamin szkole\u0144 \u015bwiadomo\u015bciowych dla przedstawicieli\/lek struktur studenckich<\/p>\t\t<\/div>\n\t\t\t\t<\/div>\n\t\t\t\t<div class=\"elementor-element elementor-element-6d39042 elementor-widget elementor-widget-button\" data-id=\"6d39042\" data-element_type=\"widget\" data-widget_type=\"button.default\">\n\t\t\t\t<div class=\"elementor-widget-container\">\n\t\t\t\t\t\t\t<div class=\"elementor-button-wrapper\">\n\t\t\t\t\t<a class=\"elementor-button elementor-button-link elementor-size-sm\" href=\"https:\/\/urs.sggw.edu.pl\/dokumentacja\/regulamin-szkolen-swiadomosciowych-dla-przedstawicieli-lek-struktur-studenckich\">\n\t\t\t\t\t\t<span class=\"elementor-button-content-wrapper\">\n\t\t\t\t\t\t\t\t\t<span class=\"elementor-button-text\">Kliknij tutaj<\/span>\n\t\t\t\t\t<\/span>\n\t\t\t\t\t<\/a>\n\t\t\t\t<\/div>\n\t\t\t\t\t\t<\/div>\n\t\t\t\t<\/div>\n\t\t\t\t<\/div>\n\t\t\t\t<\/div>\n\t\t","protected":false},"excerpt":{"rendered":"<p>Regulamin szkolenia \u015bwiadomo\u015bciowego \u201eZwi\u0119kszanie dost\u0119pno\u015bci uczelni dla os\u00f3b z niepe\u0142nosprawno\u015bciami\u201d oraz szkole\u0144 specjalistycznych &#8211; pracownicy Kliknij tutaj Regulamin szkole\u0144 \u015bwiadomo\u015bciowych oraz specjalistycznych &#8211; pracownicy Kliknij tutaj Regulamin szkole\u0144 \u015bwiadomo\u015bciowych dla przedstawicieli\/lek struktur studenckich Kliknij tutaj<\/p>\n","protected":false},"author":36601,"featured_media":0,"parent":0,"menu_order":0,"comment_status":"closed","ping_status":"closed","template":"","meta":{"_acf_changed":false,"footnotes":""},"class_list":["post-2099","page","type-page","status-publish","hentry"],"acf":[],"_links":{"self":[{"href":"https:\/\/urs.sggw.edu.pl\/pl\/wp-json\/wp\/v2\/pages\/2099","targetHints":{"allow":["GET"]}}],"collection":[{"href":"https:\/\/urs.sggw.edu.pl\/pl\/wp-json\/wp\/v2\/pages"}],"about":[{"href":"https:\/\/urs.sggw.edu.pl\/pl\/wp-json\/wp\/v2\/types\/page"}],"author":[{"embeddable":true,"href":"https:\/\/urs.sggw.edu.pl\/pl\/wp-json\/wp\/v2\/users\/36601"}],"replies":[{"embeddable":true,"href":"https:\/\/urs.sggw.edu.pl\/pl\/wp-json\/wp\/v2\/comments?post=2099"}],"version-history":[{"count":34,"href":"https:\/\/urs.sggw.edu.pl\/pl\/wp-json\/wp\/v2\/pages\/2099\/revisions"}],"predecessor-version":[{"id":3033,"href":"https:\/\/urs.sggw.edu.pl\/pl\/wp-json\/wp\/v2\/pages\/2099\/revisions\/3033"}],"wp:attachment":[{"href":"https:\/\/urs.sggw.edu.pl\/pl\/wp-json\/wp\/v2\/media?parent=2099"}],"curies":[{"name":"wp","href":"https:\/\/api.w.org\/{rel}","templated":true}]}}