{"id":2104,"date":"2025-02-04T12:04:07","date_gmt":"2025-02-04T11:04:07","guid":{"rendered":"https:\/\/urs.sggw.edu.pl\/?page_id=2104"},"modified":"2026-03-02T11:05:22","modified_gmt":"2026-03-02T10:05:22","slug":"zamowienia-publiczne","status":"publish","type":"page","link":"https:\/\/urs.sggw.edu.pl\/zamowienia-publiczne\/","title":{"rendered":"Zam\u00f3wienia publiczne"},"content":{"rendered":"\t\t<div data-elementor-type=\"wp-page\" data-elementor-id=\"2104\" class=\"elementor elementor-2104\" data-elementor-post-type=\"page\">\n\t\t\t\t<div class=\"elementor-element elementor-element-7390e1c e-con-full e-flex e-con e-child\" data-id=\"7390e1c\" data-element_type=\"container\">\n\t\t<div class=\"elementor-element elementor-element-41715dd e-con-full e-flex e-con e-child\" data-id=\"41715dd\" data-element_type=\"container\" data-settings=\"{&quot;background_background&quot;:&quot;classic&quot;}\">\n\t\t\t\t<div class=\"elementor-element elementor-element-0396826 elementor-widget elementor-widget-heading\" data-id=\"0396826\" data-element_type=\"widget\" data-widget_type=\"heading.default\">\n\t\t\t\t<div class=\"elementor-widget-container\">\n\t\t\t<h3 class=\"elementor-heading-title elementor-size-default\">Rozbudowa systemu bibliotecznego KOHA poprzez wdro\u017cenie nowej instancji systemu dla Biblioteki G\u0142\u00f3wnej SGGW wraz z migracj\u0105 danych oraz \u015bwiadczeniem us\u0142ugi Asysty Technicznej i Us\u0142ug Gwarancyjnych<\/h3>\t\t<\/div>\n\t\t\t\t<\/div>\n\t\t\t\t<div class=\"elementor-element elementor-element-352aa8e elementor-widget elementor-widget-button\" data-id=\"352aa8e\" data-element_type=\"widget\" data-widget_type=\"button.default\">\n\t\t\t\t<div class=\"elementor-widget-container\">\n\t\t\t\t\t\t\t<div class=\"elementor-button-wrapper\">\n\t\t\t\t\t<a class=\"elementor-button elementor-button-link elementor-size-sm\" href=\"https:\/\/ezamowienia.gov.pl\/mp-client\/search\/list\/ocds-148610-9998ec3a-c4e9-4062-a0b9-1c27ef20669b\" target=\"_blank\" rel=\"nofollow\" title=\"Strony zapytania ofertowe  (otwiera si\u0119 w nowym oknie)\">\n\t\t\t\t\t\t<span class=\"elementor-button-content-wrapper\">\n\t\t\t\t\t\t\t\t\t<span class=\"elementor-button-text\">Informacje o post\u0119powaniu<\/span>\n\t\t\t\t\t<\/span>\n\t\t\t\t\t<\/a>\n\t\t\t\t<\/div>\n\t\t\t\t\t\t<\/div>\n\t\t\t\t<\/div>\n\t\t\t\t<\/div>\n\t\t<div class=\"elementor-element elementor-element-346e123 e-con-full e-flex e-con e-child\" data-id=\"346e123\" data-element_type=\"container\" data-settings=\"{&quot;background_background&quot;:&quot;classic&quot;}\">\n\t\t\t\t<div class=\"elementor-element elementor-element-dc9a9df elementor-widget elementor-widget-heading\" data-id=\"dc9a9df\" data-element_type=\"widget\" data-widget_type=\"heading.default\">\n\t\t\t\t<div class=\"elementor-widget-container\">\n\t\t\t<h3 class=\"elementor-heading-title elementor-size-default\">Zakup kabin akustycznych w ramach projektu pn. \u201eSGGW \u2013 Uczelnia r\u00f3wnych szans 2.0<\/h3>\t\t<\/div>\n\t\t\t\t<\/div>\n\t\t\t\t<div class=\"elementor-element elementor-element-d0515c7 elementor-widget elementor-widget-button\" data-id=\"d0515c7\" data-element_type=\"widget\" data-widget_type=\"button.default\">\n\t\t\t\t<div class=\"elementor-widget-container\">\n\t\t\t\t\t\t\t<div class=\"elementor-button-wrapper\">\n\t\t\t\t\t<a class=\"elementor-button elementor-button-link elementor-size-sm\" href=\"https:\/\/ezamowienia.gov.pl\/mp-client\/search\/list\/ocds-148610-c7ef0a0b-1225-4702-a37d-bf341db9d66a\" target=\"_blank\" rel=\"nofollow\" title=\"Strony zapytania ofertowe  (otwiera si\u0119 w nowym oknie)\">\n\t\t\t\t\t\t<span class=\"elementor-button-content-wrapper\">\n\t\t\t\t\t\t\t\t\t<span class=\"elementor-button-text\">Informacje o post\u0119powaniu<\/span>\n\t\t\t\t\t<\/span>\n\t\t\t\t\t<\/a>\n\t\t\t\t<\/div>\n\t\t\t\t\t\t<\/div>\n\t\t\t\t<\/div>\n\t\t\t\t<\/div>\n\t\t\t\t<\/div>\n\t\t\t\t<\/div>\n\t\t","protected":false},"excerpt":{"rendered":"<p>Rozbudowa systemu bibliotecznego KOHA poprzez wdro\u017cenie nowej instancji systemu dla Biblioteki G\u0142\u00f3wnej SGGW wraz z migracj\u0105 danych oraz \u015bwiadczeniem us\u0142ugi Asysty Technicznej i Us\u0142ug Gwarancyjnych Informacje o post\u0119powaniu Zakup kabin akustycznych w ramach projektu pn. \u201eSGGW \u2013 Uczelnia r\u00f3wnych szans 2.0 Informacje o post\u0119powaniu<\/p>\n","protected":false},"author":36601,"featured_media":0,"parent":0,"menu_order":0,"comment_status":"closed","ping_status":"closed","template":"","meta":{"_acf_changed":false,"footnotes":""},"class_list":["post-2104","page","type-page","status-publish","hentry"],"acf":[],"_links":{"self":[{"href":"https:\/\/urs.sggw.edu.pl\/pl\/wp-json\/wp\/v2\/pages\/2104","targetHints":{"allow":["GET"]}}],"collection":[{"href":"https:\/\/urs.sggw.edu.pl\/pl\/wp-json\/wp\/v2\/pages"}],"about":[{"href":"https:\/\/urs.sggw.edu.pl\/pl\/wp-json\/wp\/v2\/types\/page"}],"author":[{"embeddable":true,"href":"https:\/\/urs.sggw.edu.pl\/pl\/wp-json\/wp\/v2\/users\/36601"}],"replies":[{"embeddable":true,"href":"https:\/\/urs.sggw.edu.pl\/pl\/wp-json\/wp\/v2\/comments?post=2104"}],"version-history":[{"count":19,"href":"https:\/\/urs.sggw.edu.pl\/pl\/wp-json\/wp\/v2\/pages\/2104\/revisions"}],"predecessor-version":[{"id":2944,"href":"https:\/\/urs.sggw.edu.pl\/pl\/wp-json\/wp\/v2\/pages\/2104\/revisions\/2944"}],"wp:attachment":[{"href":"https:\/\/urs.sggw.edu.pl\/pl\/wp-json\/wp\/v2\/media?parent=2104"}],"curies":[{"name":"wp","href":"https:\/\/api.w.org\/{rel}","templated":true}]}}