{"id":2261,"date":"2025-04-14T15:48:17","date_gmt":"2025-04-14T13:48:17","guid":{"rendered":"https:\/\/urs.sggw.edu.pl\/?page_id=2261"},"modified":"2025-05-19T11:04:45","modified_gmt":"2025-05-19T09:04:45","slug":"dostepnosc","status":"publish","type":"page","link":"https:\/\/urs.sggw.edu.pl\/dostepnosc\/","title":{"rendered":"Dost\u0119pno\u015b\u0107"},"content":{"rendered":"\t\t<div data-elementor-type=\"wp-page\" data-elementor-id=\"2261\" class=\"elementor elementor-2261\" data-elementor-post-type=\"page\">\n\t\t\t\t<div class=\"elementor-element elementor-element-815b4e7 e-flex e-con-boxed e-con e-parent\" data-id=\"815b4e7\" data-element_type=\"container\">\n\t\t\t\t\t<div class=\"e-con-inner\">\n\t\t\t\t<div class=\"elementor-element elementor-element-8e63e09 elementor-icon-list--layout-traditional elementor-list-item-link-full_width elementor-widget elementor-widget-icon-list\" data-id=\"8e63e09\" data-element_type=\"widget\" data-widget_type=\"icon-list.default\">\n\t\t\t\t<div class=\"elementor-widget-container\">\n\t\t\t\t\t<ul class=\"elementor-icon-list-items\">\n\t\t\t\t\t\t\t<li class=\"elementor-icon-list-item\">\n\t\t\t\t\t\t\t\t\t\t\t<a href=\"https:\/\/urs.sggw.edu.pl\/wp-content\/uploads\/sites\/197\/2025\/04\/Regulamin-udzielania-wsparcia-Z-121-Rektora-SGGW-z-dnia-27-grudnia-2023-r_.pdf\" target=\"_blank\" title=\"plik Regulamin udzielania wsparcia Z 121 Rektora SGGW  (otwarcie w nowej karcie)\">\n\n\t\t\t\t\t\t\t\t\t\t\t\t<span class=\"elementor-icon-list-icon\">\n\t\t\t\t\t\t\t<i aria-hidden=\"true\" class=\"far fa-file-pdf\"><\/i>\t\t\t\t\t\t<\/span>\n\t\t\t\t\t\t\t\t\t\t<span class=\"elementor-icon-list-text\">Regulamin udzielania wsparcia Z 121 Rektora SGGW z dnia 27 grudnia 2023r.pdf<\/span>\n\t\t\t\t\t\t\t\t\t\t\t<\/a>\n\t\t\t\t\t\t\t\t\t<\/li>\n\t\t\t\t\t\t\t\t<li class=\"elementor-icon-list-item\">\n\t\t\t\t\t\t\t\t\t\t\t<a href=\"https:\/\/urs.sggw.edu.pl\/wp-content\/uploads\/sites\/197\/2025\/04\/Zalacznik-do-Zarzadzenia-Nr-119-Rektora-SGGW-z-dnia-27-grudn.pdf\" target=\"_blank\" title=\"plik Zarzadzenia Nr 119 Rektora (otwarcie w nowej karcie)\">\n\n\t\t\t\t\t\t\t\t\t\t\t\t<span class=\"elementor-icon-list-icon\">\n\t\t\t\t\t\t\t<i aria-hidden=\"true\" class=\"far fa-file-pdf\"><\/i>\t\t\t\t\t\t<\/span>\n\t\t\t\t\t\t\t\t\t\t<span class=\"elementor-icon-list-text\">Zalacznik do Zarzadzenia Nr 119 Rektora SGGW z dnia 27 grudnia.pdf<\/span>\n\t\t\t\t\t\t\t\t\t\t\t<\/a>\n\t\t\t\t\t\t\t\t\t<\/li>\n\t\t\t\t\t\t\t\t<li class=\"elementor-icon-list-item\">\n\t\t\t\t\t\t\t\t\t\t\t<a href=\"https:\/\/urs.sggw.edu.pl\/wp-content\/uploads\/sites\/197\/2025\/04\/Procedura-bezpiecznej-ewakuacji-osob-ze-szczegolnymi-potrzebami-w-tym-niepelnosprawnosciami.pdf\" target=\"_blank\" title=\"plik procedura bezpiecze\u0144stwa ewakuacji(otwarcie w nowej karcie)\">\n\n\t\t\t\t\t\t\t\t\t\t\t\t<span class=\"elementor-icon-list-icon\">\n\t\t\t\t\t\t\t<i aria-hidden=\"true\" class=\"far fa-file-pdf\"><\/i>\t\t\t\t\t\t<\/span>\n\t\t\t\t\t\t\t\t\t\t<span class=\"elementor-icon-list-text\">Procedura bezpiecznej ewakuacji os\u00f3b ze szczegolnymi potrzebami w tym niepelnosprawnosciami.pdf<\/span>\n\t\t\t\t\t\t\t\t\t\t\t<\/a>\n\t\t\t\t\t\t\t\t\t<\/li>\n\t\t\t\t\t\t\t\t<li class=\"elementor-icon-list-item\">\n\t\t\t\t\t\t\t\t\t\t\t<a href=\"https:\/\/urs.sggw.edu.pl\/wp-content\/uploads\/sites\/197\/2025\/05\/Dostepnosc-biura-projektu.pdf\" target=\"_blank\" title=\"plik dost\u0119pno\u015b\u0107 biura projektu (otwarcie w nowej karcie)\">\n\n\t\t\t\t\t\t\t\t\t\t\t\t<span class=\"elementor-icon-list-icon\">\n\t\t\t\t\t\t\t<i aria-hidden=\"true\" class=\"far fa-file-pdf\"><\/i>\t\t\t\t\t\t<\/span>\n\t\t\t\t\t\t\t\t\t\t<span class=\"elementor-icon-list-text\">Dost\u0119pno\u015b\u0107 biura projektu<\/span>\n\t\t\t\t\t\t\t\t\t\t\t<\/a>\n\t\t\t\t\t\t\t\t\t<\/li>\n\t\t\t\t\t\t\t\t<li class=\"elementor-icon-list-item\">\n\t\t\t\t\t\t\t\t\t\t\t<a href=\"https:\/\/urs.sggw.edu.pl\/wp-content\/uploads\/sites\/197\/2025\/05\/Polityka-dostepnosci-SGGW.pdf\" target=\"_blank\" title=\"plik dost\u0119pno\u015b\u0107 biura projektu (otwarcie w nowej karcie)\">\n\n\t\t\t\t\t\t\t\t\t\t\t\t<span class=\"elementor-icon-list-icon\">\n\t\t\t\t\t\t\t<i aria-hidden=\"true\" class=\"far fa-file-pdf\"><\/i>\t\t\t\t\t\t<\/span>\n\t\t\t\t\t\t\t\t\t\t<span class=\"elementor-icon-list-text\">Polityka dostepnosci SGGW<\/span>\n\t\t\t\t\t\t\t\t\t\t\t<\/a>\n\t\t\t\t\t\t\t\t\t<\/li>\n\t\t\t\t\t\t\t\t<li class=\"elementor-icon-list-item\">\n\t\t\t\t\t\t\t\t\t\t\t<a href=\"https:\/\/urs.sggw.edu.pl\/wp-content\/uploads\/sites\/197\/2025\/05\/wniosek-student.pdf\" target=\"_blank\" title=\"plik dost\u0119pno\u015b\u0107 biura projektu (otwarcie w nowej karcie)\">\n\n\t\t\t\t\t\t\t\t\t\t\t\t<span class=\"elementor-icon-list-icon\">\n\t\t\t\t\t\t\t<i aria-hidden=\"true\" class=\"far fa-file-pdf\"><\/i>\t\t\t\t\t\t<\/span>\n\t\t\t\t\t\t\t\t\t\t<span class=\"elementor-icon-list-text\">Wniosek o udzielenie wsparcia<\/span>\n\t\t\t\t\t\t\t\t\t\t\t<\/a>\n\t\t\t\t\t\t\t\t\t<\/li>\n\t\t\t\t\t\t\t\t<li class=\"elementor-icon-list-item\">\n\t\t\t\t\t\t\t\t\t\t\t<a href=\"https:\/\/www.youtube.com\/watch?v=Q1EeJQLrOL0\" target=\"_blank\" rel=\"nofollow\" title=\"plik dost\u0119pno\u015b\u0107 biura projektu (otwarcie w nowej karcie)\">\n\n\t\t\t\t\t\t\t\t\t\t\t\t<span class=\"elementor-icon-list-icon\">\n\t\t\t\t\t\t\t<i aria-hidden=\"true\" class=\"fab fa-youtube-square\"><\/i>\t\t\t\t\t\t<\/span>\n\t\t\t\t\t\t\t\t\t\t<span class=\"elementor-icon-list-text\">ODC. 1 \u201eCo to jest dost\u0119pno\u015b\u0107?\u201d<\/span>\n\t\t\t\t\t\t\t\t\t\t\t<\/a>\n\t\t\t\t\t\t\t\t\t<\/li>\n\t\t\t\t\t\t<\/ul>\n\t\t\t\t<\/div>\n\t\t\t\t<\/div>\n\t\t\t\t\t<\/div>\n\t\t\t\t<\/div>\n\t\t\t\t<\/div>\n\t\t","protected":false},"excerpt":{"rendered":"<p>Regulamin udzielania wsparcia Z 121 Rektora SGGW z dnia 27 grudnia 2023r.pdf Zalacznik do Zarzadzenia Nr 119 Rektora SGGW z dnia 27 grudnia.pdf Procedura bezpiecznej ewakuacji os\u00f3b ze szczegolnymi potrzebami w tym niepelnosprawnosciami.pdf Dost\u0119pno\u015b\u0107 biura projektu Polityka dostepnosci SGGW Wniosek o udzielenie wsparcia ODC. 1 \u201eCo to jest dost\u0119pno\u015b\u0107?\u201d<\/p>\n","protected":false},"author":36601,"featured_media":0,"parent":0,"menu_order":0,"comment_status":"closed","ping_status":"closed","template":"","meta":{"_acf_changed":false,"footnotes":""},"class_list":["post-2261","page","type-page","status-publish","hentry"],"acf":[],"_links":{"self":[{"href":"https:\/\/urs.sggw.edu.pl\/pl\/wp-json\/wp\/v2\/pages\/2261","targetHints":{"allow":["GET"]}}],"collection":[{"href":"https:\/\/urs.sggw.edu.pl\/pl\/wp-json\/wp\/v2\/pages"}],"about":[{"href":"https:\/\/urs.sggw.edu.pl\/pl\/wp-json\/wp\/v2\/types\/page"}],"author":[{"embeddable":true,"href":"https:\/\/urs.sggw.edu.pl\/pl\/wp-json\/wp\/v2\/users\/36601"}],"replies":[{"embeddable":true,"href":"https:\/\/urs.sggw.edu.pl\/pl\/wp-json\/wp\/v2\/comments?post=2261"}],"version-history":[{"count":13,"href":"https:\/\/urs.sggw.edu.pl\/pl\/wp-json\/wp\/v2\/pages\/2261\/revisions"}],"predecessor-version":[{"id":2357,"href":"https:\/\/urs.sggw.edu.pl\/pl\/wp-json\/wp\/v2\/pages\/2261\/revisions\/2357"}],"wp:attachment":[{"href":"https:\/\/urs.sggw.edu.pl\/pl\/wp-json\/wp\/v2\/media?parent=2261"}],"curies":[{"name":"wp","href":"https:\/\/api.w.org\/{rel}","templated":true}]}}