{"id":2326,"date":"2025-05-09T14:58:47","date_gmt":"2025-05-09T12:58:47","guid":{"rendered":"https:\/\/urs.sggw.edu.pl\/?page_id=2326"},"modified":"2025-12-19T16:30:14","modified_gmt":"2025-12-19T15:30:14","slug":"harmonogram-audytow","status":"publish","type":"page","link":"https:\/\/urs.sggw.edu.pl\/harmonogram-audytow\/","title":{"rendered":"Harmonogram audyt\u00f3w"},"content":{"rendered":"\t\t<div data-elementor-type=\"wp-page\" data-elementor-id=\"2326\" class=\"elementor elementor-2326\" data-elementor-post-type=\"page\">\n\t\t\t\t<div class=\"elementor-element elementor-element-41a22cf e-flex e-con-boxed e-con e-parent\" data-id=\"41a22cf\" data-element_type=\"container\">\n\t\t\t\t\t<div class=\"e-con-inner\">\n\t\t\t\t<div class=\"elementor-element elementor-element-d20808a elementor-widget elementor-widget-text-editor\" data-id=\"d20808a\" data-element_type=\"widget\" data-widget_type=\"text-editor.default\">\n\t\t\t\t<div class=\"elementor-widget-container\">\n\t\t\t\t\t\t\t<p>W ramach zadania 2 \u201eDost\u0119pno\u015b\u0107 architektoniczna\u201d oraz zadania 3 \u201eDost\u0119pno\u015b\u0107 informacyjno-komunikacyjna\u201d, ekspertki d.s. dost\u0119pno\u015bci architektonicznej i informacyjno-komunikacyjnej z Fundacji Instytut Rozwoju Regionalnego, kt\u00f3ra jest naszym Partnerem w Projekcie \u201eSGGW &#8211; Uczelnia r\u00f3wnych szans 2.0\u201d, przeprowadzaj\u0105 audyty architektoniczne oraz audyty dost\u0119pno\u015bci informacyjno-komunikacyjnej, kt\u00f3re s\u0105 niezb\u0119dnym elementem ograniczania barier w korzystaniu z oferty edukacyjnej Szko\u0142y G\u0142\u00f3wnej Gospodarstwa Wiejskiego oraz tworzeniu i promowaniu \u015brodowiska akademickiego przyjaznego dla os\u00f3b ze szczeg\u00f3lnymi potrzebami, w tym z niepe\u0142nosprawno\u015bciami.<\/p><p>Harmonogram audyt\u00f3w dost\u0119pny jest poni\u017cej: <\/p>\t\t\t\t\t\t<\/div>\n\t\t\t\t<\/div>\n\t\t<div class=\"elementor-element elementor-element-6e68007 e-con-full e-flex e-con e-child\" data-id=\"6e68007\" data-element_type=\"container\">\n\t\t\t\t<div class=\"elementor-element elementor-element-19bbce9 elementor-widget elementor-widget-text-editor\" data-id=\"19bbce9\" data-element_type=\"widget\" data-widget_type=\"text-editor.default\">\n\t\t\t\t<div class=\"elementor-widget-container\">\n\t\t\t\t\t\t\t<table width=\"701\"><tbody><tr><td style=\"text-align: center;\" width=\"117\"><strong>Nr. budynku<\/strong><\/td><td width=\"351\"><strong>Nazwa Wydzia\u0142u\/Jednostki<\/strong><\/td><td width=\"233\"><strong>Data audytu<\/strong><\/td><\/tr><tr><td style=\"text-align: center;\">\u00a0<\/td><td>Centrum Informatyczne<\/td><td>08.01.2026<\/td><\/tr><tr><td style=\"text-align: center;\">\u00a0<\/td><td>Biuro Projekt\u00f3w Strukturalnych i <br \/>Inwestycyjnych, Biuro Obs\u0142ugi Nauki, Szko\u0142a <br \/>Doktorska, Biuro Projekt\u00f3w Mi\u0119dzynarodowych<\/td><td>08.01.2026<\/td><\/tr><tr><td style=\"text-align: center;\">\u00a0<\/td><td>Aula Kryszta\u0142owa<\/td><td>20.01.2026<\/td><\/tr><tr><td style=\"text-align: center;\">\u00a0<\/td><td>Rektorat<\/td><td>20.01.2026<\/td><\/tr><tr><td style=\"text-align: center;\">\u00a0<\/td><td>Zwierz\u0119tarnia<\/td><td>10.02.2026<\/td><\/tr><tr><td style=\"text-align: center;\">\u00a0<\/td><td>Stacja Uzdatniania Wody<\/td><td>10.02.2026<\/td><\/tr><tr><td style=\"text-align: center;\">\u00a0<\/td><td>Administracja Uczelni<\/td><td>11.02.2026<\/td><\/tr><tr><td style=\"text-align: center;\">\u00a0<\/td><td>Biblioteka G\u0142\u00f3wna<\/td><td>12.02.2026<\/td><\/tr><tr><td style=\"text-align: center;\">\u00a0<\/td><td>Pracownie sztuki Wydzia\u0142u Ogrodnictwa, <br \/>Biotechnologii i Architektury Krajobrazu<\/td><td>16.02.2026<\/td><\/tr><tr><td style=\"text-align: center;\">\u00a0<\/td><td>Wydzia\u0142 Medycyny Weterynaryjnej, <br \/>Wydzia\u0142 Nauk o Zwierz\u0119tach<\/td><td>17.02.2026<\/td><\/tr><tr><td style=\"text-align: center;\">\u00a0<\/td><td>Samodzielna Pracownia Pszczelarstwa<\/td><td>18.02.2026<\/td><\/tr><tr><td style=\"text-align: center;\">\u00a0<\/td><td>Administracja Teren\u00f3w Zieleni<\/td><td>18.02.2026<\/td><\/tr><tr><td style=\"text-align: center;\">\u00a0<\/td><td>Centrum Wodne<\/td><td>26.02.2026<\/td><\/tr><tr><td style=\"text-align: center;\">\u00a0<\/td><td>Hala Maszyn Wydzia\u0142u Technologii Drewna<\/td><td>23-24.02.2026<\/td><\/tr><tr><td style=\"text-align: center;\">\u00a0<\/td><td>Wydzia\u0142 In\u017cynierii Produkcji<\/td><td>23-24.02.2026 <\/td><\/tr><tr><td style=\"text-align: center;\">\u00a0<\/td><td>Hala Maszyn Wydzia\u0142u In\u017cynierii Produkcji<\/td><td>23-24.02.2026<\/td><\/tr><tr><td style=\"text-align: center;\">\u00a0<\/td><td>Wydzia\u0142 In\u017cynierii Produkcji<\/td><td>23-24.02.2026<\/td><\/tr><tr><td style=\"text-align: center;\">\u00a0<\/td><td>Kwestura<\/td><td>17.06.2026<\/td><\/tr><tr><td style=\"text-align: center;\">\u00a0<\/td><td>Administracja Uczelni<\/td><td>30.06.2026<\/td><\/tr><tr><td style=\"text-align: center;\">\u00a0<\/td><td>Administracja Uczelni<\/td><td>01.07.2026<\/td><\/tr><tr><td style=\"text-align: center;\">\u00a0<\/td><td>Hala sportowa<\/td><td>02-03.07.2026<\/td><\/tr><tr><td style=\"text-align: center;\">\u00a0<\/td><td>Basen<\/td><td>02-03.07.2026<\/td><\/tr><tr><td style=\"text-align: center;\">\u00a0<\/td><td>Centrum J\u0119zykowo-Sportowe<\/td><td>02-03.07.2026<\/td><\/tr><\/tbody><\/table>\t\t\t\t\t\t<\/div>\n\t\t\t\t<\/div>\n\t\t\t\t<div class=\"elementor-element elementor-element-31a5e08 elementor-widget elementor-widget-n-accordion\" data-id=\"31a5e08\" data-element_type=\"widget\" data-settings=\"{&quot;default_state&quot;:&quot;all_collapsed&quot;,&quot;max_items_expended&quot;:&quot;one&quot;,&quot;n_accordion_animation_duration&quot;:{&quot;unit&quot;:&quot;ms&quot;,&quot;size&quot;:400,&quot;sizes&quot;:[]}}\" data-widget_type=\"nested-accordion.default\">\n\t\t\t\t<div class=\"elementor-widget-container\">\n\t\t\t\t\t<div class=\"e-n-accordion\" aria-label=\"Accordion. Open links with Enter or Space, close with Escape, and navigate with Arrow Keys\">\n\t\t\t\t\t\t<details id=\"e-n-accordion-item-5200\" class=\"e-n-accordion-item\" >\n\t\t\t\t<summary class=\"e-n-accordion-item-title\" data-accordion-index=\"1\" tabindex=\"0\" aria-expanded=\"false\" aria-controls=\"e-n-accordion-item-5200\" >\n\t\t\t\t\t<span class='e-n-accordion-item-title-header'><div class=\"e-n-accordion-item-title-text\"> Archiwum: Harmonogram audyt\u00f3w 2025 <\/div><\/span>\n\t\t\t\t\t\t\t<span class='e-n-accordion-item-title-icon'>\n\t\t\t<span class='e-opened' ><i aria-hidden=\"true\" class=\"fas fa-minus\"><\/i><\/span>\n\t\t\t<span class='e-closed'><i aria-hidden=\"true\" class=\"fas fa-plus\"><\/i><\/span>\n\t\t<\/span>\n\n\t\t\t\t\t\t<\/summary>\n\t\t\t\t<div role=\"region\" aria-labelledby=\"e-n-accordion-item-5200\" class=\"elementor-element elementor-element-36a03c2 e-con-full e-flex e-con e-child\" data-id=\"36a03c2\" data-element_type=\"container\">\n\t\t\t\t<div class=\"elementor-element elementor-element-a2b2f16 elementor-widget elementor-widget-text-editor\" data-id=\"a2b2f16\" data-element_type=\"widget\" data-widget_type=\"text-editor.default\">\n\t\t\t\t<div class=\"elementor-widget-container\">\n\t\t\t\t\t\t\t<table width=\"701\">\n<tbody>\n<tr>\n<td style=\"text-align: center;\" width=\"117\"><strong>Nr. budynku<\/strong><\/td>\n<td width=\"351\"><strong>Nazwa Wydzia\u0142u\/Jednostki<\/strong><\/td>\n<td width=\"233\"><strong>Data audytu<\/strong><\/td>\n<\/tr>\n<tr>\n<td style=\"text-align: center;\">33<\/td>\n<td>Wydzia\u0142 Budownictwa i In\u017cynierii \u015arodowiska<\/td>\n<td>17-22.04.2025<\/td>\n<\/tr>\n<tr>\n<td style=\"text-align: center;\">47<\/td>\n<td>Dom studencki DENDRYT<\/td>\n<td>23.04.2025<\/td>\n<\/tr>\n<tr>\n<td style=\"text-align: center;\">46<\/td>\n<td>Dom studencki CEZAR<\/td>\n<td>23.04.2025<\/td>\n<\/tr>\n<tr>\n<td style=\"text-align: center;\">45<\/td>\n<td>Dom studencki ADARA<\/td>\n<td>24.04.2025<\/td>\n<\/tr>\n<tr>\n<td style=\"text-align: center;\">44<\/td>\n<td>Dom studencki BAZYLISZEK<\/td>\n<td>24.04.2025<\/td>\n<\/tr>\n<tr>\n<td style=\"text-align: center;\">34<\/td>\n<td>Wydzia\u0142 Le\u015bny, Wydzia\u0142 Technologii Drewna, Wydzia\u0142 Zastosowa\u0144 Informatyki i Matematyki<\/td>\n<td>20-21.05.2025<\/td>\n<\/tr>\n<tr>\n<td style=\"text-align: center;\">37<\/td>\n<td>Wydzia\u0142 Ogrodniczy, Wydzia\u0142 Biologii i Biotechnologii, Wydzia\u0142 Rolnictwa i Ekologii<\/td>\n<td>22-23.05.2025<\/td>\n<\/tr>\n<tr>\n<td style=\"text-align: center;\">32<\/td>\n<td>Wydzia\u0142 Technologii \u017bywno\u015bci, Wydzia\u0142 \u017bywienia Cz\u0142owieka<\/td>\n<td>05.06.2025<\/td>\n<\/tr>\n<tr>\n<td style=\"text-align: center;\">42<\/td>\n<td>Dom studencki EDEN<\/td>\n<td>06.06.2025<\/td>\n<\/tr>\n<tr>\n<td style=\"text-align: center;\">43<\/td>\n<td>Dom studencki FENIKS<\/td>\n<td>06.06.2025<\/td>\n<\/tr>\n<tr>\n<td style=\"text-align: center;\">38<\/td>\n<td>Dom studencki LIMBA<\/td>\n<td>10.06.2025<\/td>\n<\/tr>\n<tr>\n<td style=\"text-align: center;\">39<\/td>\n<td>Dom studencki IKAR<\/td>\n<td>11.06.2025<\/td>\n<\/tr>\n<tr>\n<td style=\"text-align: center;\">35<\/td>\n<td>Wydzia\u0142 Ogrodniczy, Wydzia\u0142 Socjologii i Pedagogiki<\/td>\n<td>07.07.2025<\/td>\n<\/tr>\n<tr>\n<td style=\"text-align: center;\">3<\/td>\n<td>Wydzia\u0142 Ekonomiczny<\/td>\n<td>21.07.2025<\/td>\n<\/tr>\n<tr>\n<td style=\"text-align: center;\">5<\/td>\n<td>Wydzia\u0142 Ekonomiczny<\/td>\n<td>21.07.2025<\/td>\n<\/tr>\n<tr>\n<td style=\"text-align: center;\"><\/td>\n<td><\/td>\n<td><\/td>\n<\/tr>\n<tr>\n<td style=\"text-align: center;\">6<\/td>\n<td>Wydzia\u0142 Ekonomiczny<\/td>\n<td>22.07.2025<\/td>\n<\/tr>\n<tr>\n<td style=\"text-align: center;\">7<\/td>\n<td>Wydzia\u0142 Ekonomiczny<\/td>\n<td>22.07.2025<\/td>\n<\/tr>\n<tr>\n<td style=\"text-align: center;\">4<\/td>\n<td>Wydzia\u0142 Socjologii i Pedagogiki<\/td>\n<td>23.07.2025<\/td>\n<\/tr>\n<tr>\n<td style=\"text-align: center;\">22<\/td>\n<td>Klinika Ma\u0142ych Zwierz\u0105t<\/td>\n<td>28-29.07.2025<\/td>\n<\/tr>\n<tr>\n<td style=\"text-align: center;\">24<\/td>\n<td>Wydzia\u0142 Medycyny Weterynaryjnej<\/td>\n<td>30-31.07.2025<\/td>\n<\/tr>\n<tr>\n<td style=\"text-align: center;\">40<\/td>\n<td>Dom studencki HILTON<\/td>\n<td>12.08.2025<\/td>\n<\/tr>\n<tr>\n<td style=\"text-align: center;\">41<\/td>\n<td>Dom studencki GRAND<\/td>\n<td>12.08.2025<\/td>\n<\/tr>\n<\/tbody>\n<\/table>\t\t\t\t\t\t<\/div>\n\t\t\t\t<\/div>\n\t\t\t\t<\/div>\n\t\t\t\t\t<\/details>\n\t\t\t\t\t<\/div>\n\t\t\t\t<\/div>\n\t\t\t\t<\/div>\n\t\t\t\t<\/div>\n\t\t\t\t\t<\/div>\n\t\t\t\t<\/div>\n\t\t\t\t<\/div>\n\t\t","protected":false},"excerpt":{"rendered":"<p>W ramach zadania 2 \u201eDost\u0119pno\u015b\u0107 architektoniczna\u201d oraz zadania 3 \u201eDost\u0119pno\u015b\u0107 informacyjno-komunikacyjna\u201d, ekspertki d.s. dost\u0119pno\u015bci architektonicznej i informacyjno-komunikacyjnej z Fundacji Instytut Rozwoju Regionalnego, kt\u00f3ra jest naszym Partnerem w Projekcie \u201eSGGW &#8211; Uczelnia r\u00f3wnych szans 2.0\u201d, przeprowadzaj\u0105 audyty architektoniczne oraz audyty dost\u0119pno\u015bci informacyjno-komunikacyjnej, kt\u00f3re s\u0105 niezb\u0119dnym elementem ograniczania barier w korzystaniu z oferty edukacyjnej Szko\u0142y G\u0142\u00f3wnej Gospodarstwa [&hellip;]<\/p>\n","protected":false},"author":36601,"featured_media":0,"parent":0,"menu_order":0,"comment_status":"closed","ping_status":"closed","template":"","meta":{"_acf_changed":false,"footnotes":""},"class_list":["post-2326","page","type-page","status-publish","hentry"],"acf":[],"_links":{"self":[{"href":"https:\/\/urs.sggw.edu.pl\/pl\/wp-json\/wp\/v2\/pages\/2326","targetHints":{"allow":["GET"]}}],"collection":[{"href":"https:\/\/urs.sggw.edu.pl\/pl\/wp-json\/wp\/v2\/pages"}],"about":[{"href":"https:\/\/urs.sggw.edu.pl\/pl\/wp-json\/wp\/v2\/types\/page"}],"author":[{"embeddable":true,"href":"https:\/\/urs.sggw.edu.pl\/pl\/wp-json\/wp\/v2\/users\/36601"}],"replies":[{"embeddable":true,"href":"https:\/\/urs.sggw.edu.pl\/pl\/wp-json\/wp\/v2\/comments?post=2326"}],"version-history":[{"count":13,"href":"https:\/\/urs.sggw.edu.pl\/pl\/wp-json\/wp\/v2\/pages\/2326\/revisions"}],"predecessor-version":[{"id":2785,"href":"https:\/\/urs.sggw.edu.pl\/pl\/wp-json\/wp\/v2\/pages\/2326\/revisions\/2785"}],"wp:attachment":[{"href":"https:\/\/urs.sggw.edu.pl\/pl\/wp-json\/wp\/v2\/media?parent=2326"}],"curies":[{"name":"wp","href":"https:\/\/api.w.org\/{rel}","templated":true}]}}