{"id":2380,"date":"2025-05-20T16:17:10","date_gmt":"2025-05-20T14:17:10","guid":{"rendered":"https:\/\/urs.sggw.edu.pl\/?page_id=2380"},"modified":"2025-07-29T13:24:43","modified_gmt":"2025-07-29T11:24:43","slug":"regulamin-szkolenia-swiadomosciowego","status":"publish","type":"page","link":"https:\/\/urs.sggw.edu.pl\/regulamin-szkolenia-swiadomosciowego\/","title":{"rendered":"Regulamin szkolenia \u015bwiadomo\u015bciowego"},"content":{"rendered":"\t\t<div data-elementor-type=\"wp-page\" data-elementor-id=\"2380\" class=\"elementor elementor-2380\" data-elementor-post-type=\"page\">\n\t\t\t\t<div class=\"elementor-element elementor-element-cf547c3 e-flex e-con-boxed e-con e-parent\" data-id=\"cf547c3\" data-element_type=\"container\">\n\t\t\t\t\t<div class=\"e-con-inner\">\n\t\t\t\t<div class=\"elementor-element elementor-element-a8dbf4a elementor-icon-list--layout-traditional elementor-list-item-link-full_width elementor-widget elementor-widget-icon-list\" data-id=\"a8dbf4a\" data-element_type=\"widget\" data-widget_type=\"icon-list.default\">\n\t\t\t\t<div class=\"elementor-widget-container\">\n\t\t\t\t\t<ul class=\"elementor-icon-list-items\">\n\t\t\t\t\t\t\t<li class=\"elementor-icon-list-item\">\n\t\t\t\t\t\t\t\t\t\t\t<a href=\"https:\/\/urs.sggw.edu.pl\/wp-content\/uploads\/sites\/197\/2025\/07\/Zalacznik-nr-1-zgoda-przelozonego-FERS-_ACHROMATYCZNE-2.docx\" target=\"_blank\">\n\n\t\t\t\t\t\t\t\t\t\t\t\t<span class=\"elementor-icon-list-icon\">\n\t\t\t\t\t\t\t<i aria-hidden=\"true\" class=\"far fa-file-word\"><\/i>\t\t\t\t\t\t<\/span>\n\t\t\t\t\t\t\t\t\t\t<span class=\"elementor-icon-list-text\">Za\u0142\u0105cznik nr 1 zgoda prze\u0142o\u017conego FERS<\/span>\n\t\t\t\t\t\t\t\t\t\t\t<\/a>\n\t\t\t\t\t\t\t\t\t<\/li>\n\t\t\t\t\t\t\t\t<li class=\"elementor-icon-list-item\">\n\t\t\t\t\t\t\t\t\t\t\t<a href=\"https:\/\/urs.sggw.edu.pl\/wp-content\/uploads\/sites\/197\/2025\/07\/Zalacznik-nr-2-formularz-rekrutacyjny-FERS_-ACHROMATYCZNY-3.docx\" target=\"_blank\">\n\n\t\t\t\t\t\t\t\t\t\t\t\t<span class=\"elementor-icon-list-icon\">\n\t\t\t\t\t\t\t<i aria-hidden=\"true\" class=\"far fa-file-word\"><\/i>\t\t\t\t\t\t<\/span>\n\t\t\t\t\t\t\t\t\t\t<span class=\"elementor-icon-list-text\">Za\u0142\u0105cznik nr 2 formularz rekrutacyjny FERS<\/span>\n\t\t\t\t\t\t\t\t\t\t\t<\/a>\n\t\t\t\t\t\t\t\t\t<\/li>\n\t\t\t\t\t\t\t\t<li class=\"elementor-icon-list-item\">\n\t\t\t\t\t\t\t\t\t\t\t<a href=\"https:\/\/urs.sggw.edu.pl\/wp-content\/uploads\/sites\/197\/2025\/07\/Zalacznik-nr-3-oswiadczenie_uczestnika_projektu-_FERS_ACHROMATYCZNY-3.doc\" target=\"_blank\">\n\n\t\t\t\t\t\t\t\t\t\t\t\t<span class=\"elementor-icon-list-icon\">\n\t\t\t\t\t\t\t<i aria-hidden=\"true\" class=\"far fa-file-word\"><\/i>\t\t\t\t\t\t<\/span>\n\t\t\t\t\t\t\t\t\t\t<span class=\"elementor-icon-list-text\">Za\u0142\u0105cznik nr 3 o\u015bwiadczenie uczestnika projektu FERS<\/span>\n\t\t\t\t\t\t\t\t\t\t\t<\/a>\n\t\t\t\t\t\t\t\t\t<\/li>\n\t\t\t\t\t\t\t\t<li class=\"elementor-icon-list-item\">\n\t\t\t\t\t\t\t\t\t\t\t<a href=\"https:\/\/urs.sggw.edu.pl\/wp-content\/uploads\/sites\/197\/2025\/07\/Zalacznik-nr-4-umowa-szkoleniowa-FERS-_ACHROMATYCZNA-3.docx\" target=\"_blank\">\n\n\t\t\t\t\t\t\t\t\t\t\t\t<span class=\"elementor-icon-list-icon\">\n\t\t\t\t\t\t\t<i aria-hidden=\"true\" class=\"far fa-file-word\"><\/i>\t\t\t\t\t\t<\/span>\n\t\t\t\t\t\t\t\t\t\t<span class=\"elementor-icon-list-text\">Zalacznik nr 4 umowa  szkoleniowa FERS pracownicy SGGW 14 maja<\/span>\n\t\t\t\t\t\t\t\t\t\t\t<\/a>\n\t\t\t\t\t\t\t\t\t<\/li>\n\t\t\t\t\t\t\t\t<li class=\"elementor-icon-list-item\">\n\t\t\t\t\t\t\t\t\t\t\t<a href=\"https:\/\/urs.sggw.edu.pl\/wp-content\/uploads\/sites\/197\/2025\/07\/Zalacznik-nr-5-oswiadczenie-o-rezygnacji-FERS_-ACHROMATYCZNY-3.docx\" target=\"_blank\">\n\n\t\t\t\t\t\t\t\t\t\t\t\t<span class=\"elementor-icon-list-icon\">\n\t\t\t\t\t\t\t<i aria-hidden=\"true\" class=\"far fa-file-word\"><\/i>\t\t\t\t\t\t<\/span>\n\t\t\t\t\t\t\t\t\t\t<span class=\"elementor-icon-list-text\">Zalacznik nr 5 o\u015bwiadczenie o rezygnacji FERS<\/span>\n\t\t\t\t\t\t\t\t\t\t\t<\/a>\n\t\t\t\t\t\t\t\t\t<\/li>\n\t\t\t\t\t\t\t\t<li class=\"elementor-icon-list-item\">\n\t\t\t\t\t\t\t\t\t\t\t<a href=\"https:\/\/urs.sggw.edu.pl\/wp-content\/uploads\/sites\/197\/2025\/07\/Regulamin-rekrutacji-szkolenia-FERS_-ARCHROMATYCZNY_-pracownicy-2-2.pdf\" target=\"_blank\">\n\n\t\t\t\t\t\t\t\t\t\t\t\t<span class=\"elementor-icon-list-icon\">\n\t\t\t\t\t\t\t<i aria-hidden=\"true\" class=\"far fa-file-word\"><\/i>\t\t\t\t\t\t<\/span>\n\t\t\t\t\t\t\t\t\t\t<span class=\"elementor-icon-list-text\">Regulamin rekrutacji szkolenia FERS 14 maja pracownicy<\/span>\n\t\t\t\t\t\t\t\t\t\t\t<\/a>\n\t\t\t\t\t\t\t\t\t<\/li>\n\t\t\t\t\t\t<\/ul>\n\t\t\t\t<\/div>\n\t\t\t\t<\/div>\n\t\t\t\t\t<\/div>\n\t\t\t\t<\/div>\n\t\t<div class=\"elementor-element elementor-element-5fa0396 e-flex e-con-boxed e-con e-parent\" data-id=\"5fa0396\" data-element_type=\"container\">\n\t\t\t\t\t<div class=\"e-con-inner\">\n\t\t\t\t<div class=\"elementor-element elementor-element-9b50044 elementor-widget elementor-widget-text-editor\" data-id=\"9b50044\" data-element_type=\"widget\" data-widget_type=\"text-editor.default\">\n\t\t\t\t<div class=\"elementor-widget-container\">\n\t\t\t\t\t\t\t<p>Rejestracja:<\/p><p><a href=\"https:\/\/intranet.sggw.edu.pl\/szkolenie-swiadomosciowe-zwiekszanie-dostepnosci-uczelni-dla-osob-z-niepelnosprawnosciami-2\/\" target=\"_blank\" rel=\"noopener\">https:\/\/intranet.sggw.edu.pl\/szkolenie-swiadomosciowe-zwiekszanie-dostepnosci-uczelni-dla-osob-z-niepelnosprawnosciami-2\/<\/a><\/p>\t\t\t\t\t\t<\/div>\n\t\t\t\t<\/div>\n\t\t\t\t\t<\/div>\n\t\t\t\t<\/div>\n\t\t\t\t<\/div>\n\t\t","protected":false},"excerpt":{"rendered":"<p>Za\u0142\u0105cznik nr 1 zgoda prze\u0142o\u017conego FERS Za\u0142\u0105cznik nr 2 formularz rekrutacyjny FERS Za\u0142\u0105cznik nr 3 o\u015bwiadczenie uczestnika projektu FERS Zalacznik nr 4 umowa szkoleniowa FERS pracownicy SGGW 14 maja Zalacznik nr 5 o\u015bwiadczenie o rezygnacji FERS Regulamin rekrutacji szkolenia FERS 14 maja pracownicy Rejestracja: https:\/\/intranet.sggw.edu.pl\/szkolenie-swiadomosciowe-zwiekszanie-dostepnosci-uczelni-dla-osob-z-niepelnosprawnosciami-2\/<\/p>\n","protected":false},"author":36601,"featured_media":0,"parent":0,"menu_order":0,"comment_status":"closed","ping_status":"closed","template":"","meta":{"_acf_changed":false,"footnotes":""},"class_list":["post-2380","page","type-page","status-publish","hentry"],"acf":[],"_links":{"self":[{"href":"https:\/\/urs.sggw.edu.pl\/pl\/wp-json\/wp\/v2\/pages\/2380","targetHints":{"allow":["GET"]}}],"collection":[{"href":"https:\/\/urs.sggw.edu.pl\/pl\/wp-json\/wp\/v2\/pages"}],"about":[{"href":"https:\/\/urs.sggw.edu.pl\/pl\/wp-json\/wp\/v2\/types\/page"}],"author":[{"embeddable":true,"href":"https:\/\/urs.sggw.edu.pl\/pl\/wp-json\/wp\/v2\/users\/36601"}],"replies":[{"embeddable":true,"href":"https:\/\/urs.sggw.edu.pl\/pl\/wp-json\/wp\/v2\/comments?post=2380"}],"version-history":[{"count":41,"href":"https:\/\/urs.sggw.edu.pl\/pl\/wp-json\/wp\/v2\/pages\/2380\/revisions"}],"predecessor-version":[{"id":2734,"href":"https:\/\/urs.sggw.edu.pl\/pl\/wp-json\/wp\/v2\/pages\/2380\/revisions\/2734"}],"wp:attachment":[{"href":"https:\/\/urs.sggw.edu.pl\/pl\/wp-json\/wp\/v2\/media?parent=2380"}],"curies":[{"name":"wp","href":"https:\/\/api.w.org\/{rel}","templated":true}]}}