{"id":2732,"date":"2025-11-05T15:07:43","date_gmt":"2025-11-05T14:07:43","guid":{"rendered":"https:\/\/urs.sggw.edu.pl\/?page_id=2732"},"modified":"2026-03-27T15:51:12","modified_gmt":"2026-03-27T14:51:12","slug":"regulamin-szkolen-swiadomosciowych-oraz-specjalistycznych-pracownicy","status":"publish","type":"page","link":"https:\/\/urs.sggw.edu.pl\/dokumentacja\/regulamin-szkolen-swiadomosciowych-oraz-specjalistycznych-pracownicy\/","title":{"rendered":"Regulamin szkole\u0144 \u015bwiadomo\u015bciowych oraz specjalistycznych &#8211; pracownicy"},"content":{"rendered":"\t\t<div data-elementor-type=\"wp-page\" data-elementor-id=\"2732\" class=\"elementor elementor-2732\" data-elementor-post-type=\"page\">\n\t\t\t\t<div class=\"elementor-element elementor-element-44eb1c8 e-flex e-con-boxed e-con e-parent\" data-id=\"44eb1c8\" data-element_type=\"container\">\n\t\t\t\t\t<div class=\"e-con-inner\">\n\t\t\t\t<div class=\"elementor-element elementor-element-2a10325 elementor-icon-list--layout-traditional elementor-list-item-link-full_width elementor-widget elementor-widget-icon-list\" data-id=\"2a10325\" data-element_type=\"widget\" data-widget_type=\"icon-list.default\">\n\t\t\t\t<div class=\"elementor-widget-container\">\n\t\t\t\t\t<ul class=\"elementor-icon-list-items\">\n\t\t\t\t\t\t\t<li class=\"elementor-icon-list-item\">\n\t\t\t\t\t\t\t\t\t\t\t<a href=\"https:\/\/urs.sggw.edu.pl\/wp-content\/uploads\/sites\/197\/2026\/03\/Regulamin-rekrutacji-szkolenia-FERS_-ARCHROMATYCZNY_-pracownicy-2.pdf\" target=\"_blank\" title=\"pobierz Regulamin pomoc psychologiczna plik pdf 156kb\">\n\n\t\t\t\t\t\t\t\t\t\t\t\t<span class=\"elementor-icon-list-icon\">\n\t\t\t\t\t\t\t<i aria-hidden=\"true\" class=\"far fa-file-pdf\"><\/i>\t\t\t\t\t\t<\/span>\n\t\t\t\t\t\t\t\t\t\t<span class=\"elementor-icon-list-text\">Regulamin rekrutacji szkolenia FERS<\/span>\n\t\t\t\t\t\t\t\t\t\t\t<\/a>\n\t\t\t\t\t\t\t\t\t<\/li>\n\t\t\t\t\t\t\t\t<li class=\"elementor-icon-list-item\">\n\t\t\t\t\t\t\t\t\t\t\t<a href=\"https:\/\/urs.sggw.edu.pl\/wp-content\/uploads\/sites\/197\/2026\/03\/Zalacznik-nr-1-zgoda-przelozonego-FERS-_ACHROMATYCZNE.docx\" target=\"_blank\" title=\"pobierz plik word rozmiar25kb\">\n\n\t\t\t\t\t\t\t\t\t\t\t\t<span class=\"elementor-icon-list-icon\">\n\t\t\t\t\t\t\t<i aria-hidden=\"true\" class=\"far fa-file-word\"><\/i>\t\t\t\t\t\t<\/span>\n\t\t\t\t\t\t\t\t\t\t<span class=\"elementor-icon-list-text\">Za\u0142\u0105cznik nr 1 Zgoda prze\u0142o\u017conego FERS <\/span>\n\t\t\t\t\t\t\t\t\t\t\t<\/a>\n\t\t\t\t\t\t\t\t\t<\/li>\n\t\t\t\t\t\t\t\t<li class=\"elementor-icon-list-item\">\n\t\t\t\t\t\t\t\t\t\t\t<a href=\"https:\/\/urs.sggw.edu.pl\/wp-content\/uploads\/sites\/197\/2026\/03\/Regulamin-rekrutacji-szkolenia-FERS_-ARCHROMATYCZNY_-pracownicy-2.pdf\" target=\"_blank\" title=\"pobierz plik word rozmiar25kb\">\n\n\t\t\t\t\t\t\t\t\t\t\t\t<span class=\"elementor-icon-list-icon\">\n\t\t\t\t\t\t\t<i aria-hidden=\"true\" class=\"far fa-file-word\"><\/i>\t\t\t\t\t\t<\/span>\n\t\t\t\t\t\t\t\t\t\t<span class=\"elementor-icon-list-text\">Regulamin rekrutacji szkolenia FERS<\/span>\n\t\t\t\t\t\t\t\t\t\t\t<\/a>\n\t\t\t\t\t\t\t\t\t<\/li>\n\t\t\t\t\t\t\t\t<li class=\"elementor-icon-list-item\">\n\t\t\t\t\t\t\t\t\t\t\t<a href=\"https:\/\/urs.sggw.edu.pl\/wp-content\/uploads\/sites\/197\/2026\/03\/Zalacznik-nr-3-oswiadczenie_uczestnika_projektu-_FERS_ACHROMATYCZNY.doc\" target=\"_blank\" title=\"pobierz plik word rozmiar25kb\">\n\n\t\t\t\t\t\t\t\t\t\t\t\t<span class=\"elementor-icon-list-icon\">\n\t\t\t\t\t\t\t<i aria-hidden=\"true\" class=\"far fa-file-word\"><\/i>\t\t\t\t\t\t<\/span>\n\t\t\t\t\t\t\t\t\t\t<span class=\"elementor-icon-list-text\">Za\u0142\u0105cznik nr 3 o\u015bwiadczenie uczestnika projektu<\/span>\n\t\t\t\t\t\t\t\t\t\t\t<\/a>\n\t\t\t\t\t\t\t\t\t<\/li>\n\t\t\t\t\t\t\t\t<li class=\"elementor-icon-list-item\">\n\t\t\t\t\t\t\t\t\t\t\t<a href=\"https:\/\/urs.sggw.edu.pl\/wp-content\/uploads\/sites\/197\/2026\/03\/Zalacznik-nr-4-umowa-szkoleniowa-FERS-_ACHROMATYCZNA.docx\" target=\"_blank\" title=\"pobierz plik word rozmiar25kb\">\n\n\t\t\t\t\t\t\t\t\t\t\t\t<span class=\"elementor-icon-list-icon\">\n\t\t\t\t\t\t\t<i aria-hidden=\"true\" class=\"far fa-file-word\"><\/i>\t\t\t\t\t\t<\/span>\n\t\t\t\t\t\t\t\t\t\t<span class=\"elementor-icon-list-text\">Za\u0142\u0105cznik nr 4 umowa szkoleniowa<\/span>\n\t\t\t\t\t\t\t\t\t\t\t<\/a>\n\t\t\t\t\t\t\t\t\t<\/li>\n\t\t\t\t\t\t\t\t<li class=\"elementor-icon-list-item\">\n\t\t\t\t\t\t\t\t\t\t\t<a href=\"https:\/\/urs.sggw.edu.pl\/wp-content\/uploads\/sites\/197\/2026\/03\/Zalacznik-nr-5-oswiadczenie-o-rezygnacji-FERS_-ACHROMATYCZNY.docx\" target=\"_blank\" title=\"pobierz plik word rozmiar25kb\">\n\n\t\t\t\t\t\t\t\t\t\t\t\t<span class=\"elementor-icon-list-icon\">\n\t\t\t\t\t\t\t<i aria-hidden=\"true\" class=\"far fa-file-word\"><\/i>\t\t\t\t\t\t<\/span>\n\t\t\t\t\t\t\t\t\t\t<span class=\"elementor-icon-list-text\">Za\u0142\u0105cznik nr 5 o\u015bwiadczenie o rezygnacji<\/span>\n\t\t\t\t\t\t\t\t\t\t\t<\/a>\n\t\t\t\t\t\t\t\t\t<\/li>\n\t\t\t\t\t\t<\/ul>\n\t\t\t\t<\/div>\n\t\t\t\t<\/div>\n\t\t\t\t\t<\/div>\n\t\t\t\t<\/div>\n\t\t\t\t<\/div>\n\t\t","protected":false},"excerpt":{"rendered":"<p>Regulamin rekrutacji szkolenia FERS Za\u0142\u0105cznik nr 1 Zgoda prze\u0142o\u017conego FERS Regulamin rekrutacji szkolenia FERS Za\u0142\u0105cznik nr 3 o\u015bwiadczenie uczestnika projektu Za\u0142\u0105cznik nr 4 umowa szkoleniowa Za\u0142\u0105cznik nr 5 o\u015bwiadczenie o rezygnacji<\/p>\n","protected":false},"author":36601,"featured_media":0,"parent":2099,"menu_order":0,"comment_status":"closed","ping_status":"closed","template":"","meta":{"_acf_changed":false,"footnotes":""},"class_list":["post-2732","page","type-page","status-publish","hentry"],"acf":[],"_links":{"self":[{"href":"https:\/\/urs.sggw.edu.pl\/pl\/wp-json\/wp\/v2\/pages\/2732","targetHints":{"allow":["GET"]}}],"collection":[{"href":"https:\/\/urs.sggw.edu.pl\/pl\/wp-json\/wp\/v2\/pages"}],"about":[{"href":"https:\/\/urs.sggw.edu.pl\/pl\/wp-json\/wp\/v2\/types\/page"}],"author":[{"embeddable":true,"href":"https:\/\/urs.sggw.edu.pl\/pl\/wp-json\/wp\/v2\/users\/36601"}],"replies":[{"embeddable":true,"href":"https:\/\/urs.sggw.edu.pl\/pl\/wp-json\/wp\/v2\/comments?post=2732"}],"version-history":[{"count":10,"href":"https:\/\/urs.sggw.edu.pl\/pl\/wp-json\/wp\/v2\/pages\/2732\/revisions"}],"predecessor-version":[{"id":3015,"href":"https:\/\/urs.sggw.edu.pl\/pl\/wp-json\/wp\/v2\/pages\/2732\/revisions\/3015"}],"up":[{"embeddable":true,"href":"https:\/\/urs.sggw.edu.pl\/pl\/wp-json\/wp\/v2\/pages\/2099"}],"wp:attachment":[{"href":"https:\/\/urs.sggw.edu.pl\/pl\/wp-json\/wp\/v2\/media?parent=2732"}],"curies":[{"name":"wp","href":"https:\/\/api.w.org\/{rel}","templated":true}]}}