{"id":3019,"date":"2026-03-27T15:51:53","date_gmt":"2026-03-27T14:51:53","guid":{"rendered":"https:\/\/urs.sggw.edu.pl\/?page_id=3019"},"modified":"2026-03-27T16:06:21","modified_gmt":"2026-03-27T15:06:21","slug":"regulamin-szkolen-swiadomosciowych-dla-przedstawicieli-lek-struktur-studenckich","status":"publish","type":"page","link":"https:\/\/urs.sggw.edu.pl\/dokumentacja\/regulamin-szkolen-swiadomosciowych-dla-przedstawicieli-lek-struktur-studenckich\/","title":{"rendered":"Regulamin szkole\u0144 \u015bwiadomo\u015bciowych dla przedstawicieli\/lek struktur studenckich"},"content":{"rendered":"\t\t<div data-elementor-type=\"wp-page\" data-elementor-id=\"3019\" class=\"elementor elementor-3019\" data-elementor-post-type=\"page\">\n\t\t\t\t<div class=\"elementor-element elementor-element-301cbd5 e-flex e-con-boxed e-con e-parent\" data-id=\"301cbd5\" data-element_type=\"container\">\n\t\t\t\t\t<div class=\"e-con-inner\">\n\t\t\t\t<div class=\"elementor-element elementor-element-44aa6e8 elementor-icon-list--layout-traditional elementor-list-item-link-full_width elementor-widget elementor-widget-icon-list\" data-id=\"44aa6e8\" data-element_type=\"widget\" data-widget_type=\"icon-list.default\">\n\t\t\t\t<div class=\"elementor-widget-container\">\n\t\t\t\t\t<ul class=\"elementor-icon-list-items\">\n\t\t\t\t\t\t\t<li class=\"elementor-icon-list-item\">\n\t\t\t\t\t\t\t\t\t\t\t<a href=\"https:\/\/urs.sggw.edu.pl\/wp-content\/uploads\/sites\/197\/2026\/03\/Regulamin-rekrutacji-szkolenia-struktury-studenckie-FERS-wersja-13-maja-2025.pdf\" target=\"_blank\" title=\"pobierz Regulamin pomoc psychologiczna plik pdf 156kb\">\n\n\t\t\t\t\t\t\t\t\t\t\t\t<span class=\"elementor-icon-list-icon\">\n\t\t\t\t\t\t\t<i aria-hidden=\"true\" class=\"far fa-file-pdf\"><\/i>\t\t\t\t\t\t<\/span>\n\t\t\t\t\t\t\t\t\t\t<span class=\"elementor-icon-list-text\">Regulamin rekrutacji szkolenia struktury studenckie<\/span>\n\t\t\t\t\t\t\t\t\t\t\t<\/a>\n\t\t\t\t\t\t\t\t\t<\/li>\n\t\t\t\t\t\t\t\t<li class=\"elementor-icon-list-item\">\n\t\t\t\t\t\t\t\t\t\t\t<a href=\"https:\/\/urs.sggw.edu.pl\/wp-content\/uploads\/sites\/197\/2026\/03\/Zalacznik-nr-1-zaswiadczenie-studenci-FERS_achrom.docx\" target=\"_blank\" title=\"pobierz plik word rozmiar25kb\">\n\n\t\t\t\t\t\t\t\t\t\t\t\t<span class=\"elementor-icon-list-icon\">\n\t\t\t\t\t\t\t<i aria-hidden=\"true\" class=\"far fa-file-word\"><\/i>\t\t\t\t\t\t<\/span>\n\t\t\t\t\t\t\t\t\t\t<span class=\"elementor-icon-list-text\">Za\u0142\u0105cznik nr 1 za\u015bwiadczenie studenci<\/span>\n\t\t\t\t\t\t\t\t\t\t\t<\/a>\n\t\t\t\t\t\t\t\t\t<\/li>\n\t\t\t\t\t\t\t\t<li class=\"elementor-icon-list-item\">\n\t\t\t\t\t\t\t\t\t\t\t<a href=\"https:\/\/urs.sggw.edu.pl\/wp-content\/uploads\/sites\/197\/2026\/03\/Zalacznik-nr-2-formularz-rekrutacyjny-struktury-studenckie-FERS_achrom.docx\" target=\"_blank\" title=\"pobierz plik word rozmiar25kb\">\n\n\t\t\t\t\t\t\t\t\t\t\t\t<span class=\"elementor-icon-list-icon\">\n\t\t\t\t\t\t\t<i aria-hidden=\"true\" class=\"far fa-file-word\"><\/i>\t\t\t\t\t\t<\/span>\n\t\t\t\t\t\t\t\t\t\t<span class=\"elementor-icon-list-text\">Za\u0142\u0105cznik nr 2 formularz rekrutacyjny struktury studenckie<\/span>\n\t\t\t\t\t\t\t\t\t\t\t<\/a>\n\t\t\t\t\t\t\t\t\t<\/li>\n\t\t\t\t\t\t\t\t<li class=\"elementor-icon-list-item\">\n\t\t\t\t\t\t\t\t\t\t\t<a href=\"https:\/\/urs.sggw.edu.pl\/wp-content\/uploads\/sites\/197\/2026\/03\/Zalacznik-nr-3-oswiadczenie_uczestnika_projektu_struktury-studenckie_FERS_achrom.doc\" target=\"_blank\" title=\"pobierz plik word rozmiar25kb\">\n\n\t\t\t\t\t\t\t\t\t\t\t\t<span class=\"elementor-icon-list-icon\">\n\t\t\t\t\t\t\t<i aria-hidden=\"true\" class=\"far fa-file-word\"><\/i>\t\t\t\t\t\t<\/span>\n\t\t\t\t\t\t\t\t\t\t<span class=\"elementor-icon-list-text\">Za\u0142\u0105cznik nr 3 o\u015bwiadczenie uczestnika projektu struktury studenckie<\/span>\n\t\t\t\t\t\t\t\t\t\t\t<\/a>\n\t\t\t\t\t\t\t\t\t<\/li>\n\t\t\t\t\t\t\t\t<li class=\"elementor-icon-list-item\">\n\t\t\t\t\t\t\t\t\t\t\t<a href=\"https:\/\/urs.sggw.edu.pl\/wp-content\/uploads\/sites\/197\/2026\/03\/Zalacznik-nr-4-umowa-szkoleniowa__struktury-studenckie_FERS_achrom.docx\" target=\"_blank\" title=\"pobierz plik word rozmiar25kb\">\n\n\t\t\t\t\t\t\t\t\t\t\t\t<span class=\"elementor-icon-list-icon\">\n\t\t\t\t\t\t\t<i aria-hidden=\"true\" class=\"far fa-file-word\"><\/i>\t\t\t\t\t\t<\/span>\n\t\t\t\t\t\t\t\t\t\t<span class=\"elementor-icon-list-text\">Za\u0142\u0105cznik nr 4 umowa szkoleniowa struktury studenckie<\/span>\n\t\t\t\t\t\t\t\t\t\t\t<\/a>\n\t\t\t\t\t\t\t\t\t<\/li>\n\t\t\t\t\t\t\t\t<li class=\"elementor-icon-list-item\">\n\t\t\t\t\t\t\t\t\t\t\t<a href=\"https:\/\/urs.sggw.edu.pl\/wp-content\/uploads\/sites\/197\/2026\/03\/Zalacznik-nr-5-oswiadczenie-o-rezygnacji_struktury-studenckie_FERS_achrom.docx\" target=\"_blank\" title=\"pobierz plik word rozmiar25kb\">\n\n\t\t\t\t\t\t\t\t\t\t\t\t<span class=\"elementor-icon-list-icon\">\n\t\t\t\t\t\t\t<i aria-hidden=\"true\" class=\"far fa-file-word\"><\/i>\t\t\t\t\t\t<\/span>\n\t\t\t\t\t\t\t\t\t\t<span class=\"elementor-icon-list-text\">Za\u0142\u0105cznik nr 5 o\u015bwiadczenie o rezygnacji struktury studenckie<\/span>\n\t\t\t\t\t\t\t\t\t\t\t<\/a>\n\t\t\t\t\t\t\t\t\t<\/li>\n\t\t\t\t\t\t<\/ul>\n\t\t\t\t<\/div>\n\t\t\t\t<\/div>\n\t\t\t\t\t<\/div>\n\t\t\t\t<\/div>\n\t\t\t\t<\/div>\n\t\t","protected":false},"excerpt":{"rendered":"<p>Regulamin rekrutacji szkolenia struktury studenckie Za\u0142\u0105cznik nr 1 za\u015bwiadczenie studenci Za\u0142\u0105cznik nr 2 formularz rekrutacyjny struktury studenckie Za\u0142\u0105cznik nr 3 o\u015bwiadczenie uczestnika projektu struktury studenckie Za\u0142\u0105cznik nr 4 umowa szkoleniowa struktury studenckie Za\u0142\u0105cznik nr 5 o\u015bwiadczenie o rezygnacji struktury studenckie<\/p>\n","protected":false},"author":36601,"featured_media":0,"parent":2099,"menu_order":0,"comment_status":"closed","ping_status":"closed","template":"","meta":{"_acf_changed":false,"footnotes":""},"class_list":["post-3019","page","type-page","status-publish","hentry"],"acf":[],"_links":{"self":[{"href":"https:\/\/urs.sggw.edu.pl\/pl\/wp-json\/wp\/v2\/pages\/3019","targetHints":{"allow":["GET"]}}],"collection":[{"href":"https:\/\/urs.sggw.edu.pl\/pl\/wp-json\/wp\/v2\/pages"}],"about":[{"href":"https:\/\/urs.sggw.edu.pl\/pl\/wp-json\/wp\/v2\/types\/page"}],"author":[{"embeddable":true,"href":"https:\/\/urs.sggw.edu.pl\/pl\/wp-json\/wp\/v2\/users\/36601"}],"replies":[{"embeddable":true,"href":"https:\/\/urs.sggw.edu.pl\/pl\/wp-json\/wp\/v2\/comments?post=3019"}],"version-history":[{"count":7,"href":"https:\/\/urs.sggw.edu.pl\/pl\/wp-json\/wp\/v2\/pages\/3019\/revisions"}],"predecessor-version":[{"id":3037,"href":"https:\/\/urs.sggw.edu.pl\/pl\/wp-json\/wp\/v2\/pages\/3019\/revisions\/3037"}],"up":[{"embeddable":true,"href":"https:\/\/urs.sggw.edu.pl\/pl\/wp-json\/wp\/v2\/pages\/2099"}],"wp:attachment":[{"href":"https:\/\/urs.sggw.edu.pl\/pl\/wp-json\/wp\/v2\/media?parent=3019"}],"curies":[{"name":"wp","href":"https:\/\/api.w.org\/{rel}","templated":true}]}}