{"id":871,"date":"2021-03-18T13:19:12","date_gmt":"2021-03-18T12:19:12","guid":{"rendered":"http:\/\/urs.sggw.edu.pl\/?page_id=871"},"modified":"2026-01-29T11:00:56","modified_gmt":"2026-01-29T10:00:56","slug":"o-projekcie","status":"publish","type":"page","link":"https:\/\/urs.sggw.edu.pl\/pl\/o-projekcie\/","title":{"rendered":"O projekcie"},"content":{"rendered":"\t\t<div data-elementor-type=\"wp-page\" data-elementor-id=\"871\" class=\"elementor elementor-871\" data-elementor-post-type=\"page\">\n\t\t\t\t<div class=\"elementor-element elementor-element-73d05dd e-flex e-con-boxed e-con e-parent\" data-id=\"73d05dd\" data-element_type=\"container\">\n\t\t\t\t\t<div class=\"e-con-inner\">\n\t\t<div class=\"elementor-element elementor-element-42fcc76 e-con-full e-flex e-con e-child\" data-id=\"42fcc76\" data-element_type=\"container\">\n\t\t\t\t<div class=\"elementor-element elementor-element-21d106c elementor-widget elementor-widget-spacer\" data-id=\"21d106c\" data-element_type=\"widget\" data-widget_type=\"spacer.default\">\n\t\t\t\t<div class=\"elementor-widget-container\">\n\t\t\t\t\t<div class=\"elementor-spacer\">\n\t\t\t<div class=\"elementor-spacer-inner\"><\/div>\n\t\t<\/div>\n\t\t\t\t<\/div>\n\t\t\t\t<\/div>\n\t\t\t\t<div class=\"elementor-element elementor-element-3dbdde7 elementor-widget elementor-widget-text-editor\" data-id=\"3dbdde7\" data-element_type=\"widget\" data-widget_type=\"text-editor.default\">\n\t\t\t\t<div class=\"elementor-widget-container\">\n\t\t\t\t\t\t\t<p>\u00a0<img fetchpriority=\"high\" decoding=\"async\" class=\"wp-image-2900 alignnone\" src=\"https:\/\/urs.sggw.edu.pl\/wp-content\/uploads\/sites\/197\/2026\/01\/nowa-twarz-300x300.jpg\" alt=\"\" width=\"299\" height=\"299\" srcset=\"https:\/\/urs.sggw.edu.pl\/wp-content\/uploads\/sites\/197\/2026\/01\/nowa-twarz-300x300.jpg 300w, https:\/\/urs.sggw.edu.pl\/wp-content\/uploads\/sites\/197\/2026\/01\/nowa-twarz-150x150.jpg 150w, https:\/\/urs.sggw.edu.pl\/wp-content\/uploads\/sites\/197\/2026\/01\/nowa-twarz-768x768.jpg 768w, https:\/\/urs.sggw.edu.pl\/wp-content\/uploads\/sites\/197\/2026\/01\/nowa-twarz.jpg 1024w\" sizes=\"(max-width: 299px) 100vw, 299px\" \/><br \/>Celem projektu jest dalsze ograniczanie barier w korzystaniu z oferty edukacyjnej Szko\u0142y G\u0142\u00f3wnej Gospodarstwa Wiejskiego w Warszawie w latach 2025 \u2013 2028 oraz tworzenie i promowanie \u015brodowiska akademickiego przyjaznego dla os\u00f3b ze szczeg\u00f3lnymi potrzebami, w tym z niepe\u0142nosprawno\u015bciami w sformalizowanej wsp\u00f3\u0142pracy z Partnerem Projektu (Fundacja Instytut Rozwoju Regionalnego). Kolejne za\u0142o\u017cenie to zwi\u0119kszenie \u015bwiadomo\u015bci i kompetencji kadry administracyjnej, dydaktycznej i kierowniczej w ramach podstawowych i\/lub specjalistycznych szkole\u0144 \u015bwiadomo\u015bciowych oraz wzmocnienie otoczenia przyjaznego kadrom. Niwelowanie barier w SGGW nast\u0105pi poprzez realizacj\u0119 zada\u0144 w nast\u0119puj\u0105cych 8 obszarach: struktura organizacyjna, dost\u0119pno\u015b\u0107 organizacyjna, dost\u0119pno\u015b\u0107 informacyjno-komunikacyjna, dost\u0119pno\u015b\u0107 cyfrowa, technologie wspieraj\u0105ce, procedury, us\u0142ugi wspieraj\u0105ce edukacj\u0119, badania naukowe i rekrutacj\u0119 na studia oraz dzia\u0142ania podnosz\u0105ce \u015bwiadomo\u015b\u0107 niepe\u0142nosprawno\u015bci.\u00a0<\/p>\t\t\t\t\t\t<\/div>\n\t\t\t\t<\/div>\n\t\t\t\t<div class=\"elementor-element elementor-element-6cf9329 elementor-widget elementor-widget-heading\" data-id=\"6cf9329\" data-element_type=\"widget\" data-widget_type=\"heading.default\">\n\t\t\t\t<div class=\"elementor-widget-container\">\n\t\t\t<h2 class=\"elementor-heading-title elementor-size-default\">Finansowanie projektu<\/h2>\t\t<\/div>\n\t\t\t\t<\/div>\n\t\t\t\t<div class=\"elementor-element elementor-element-ceca116 elementor-widget elementor-widget-text-editor\" data-id=\"ceca116\" data-element_type=\"widget\" data-widget_type=\"text-editor.default\">\n\t\t\t\t<div class=\"elementor-widget-container\">\n\t\t\t\t\t\t\t<p>Projekt wsp\u00f3\u0142finansowany z Europejskiego Funduszu Spo\u0142ecznego Plus w ramach Programu Fundusze Europejskie dla Rozwoju Spo\u0142ecznego 2021-2027 w ramach Dzia\u0142ania 03.01 Dost\u0119pno\u015b\u0107 szkolnictwa wy\u017cszego w Priorytecie 3 Dost\u0119pno\u015b\u0107 i us\u0142ugi dla os\u00f3b z niepe\u0142nosprawno\u015bciami. Kwota dofinasowania dla Projektu wynosi 7 205 823,31 z\u0142, \u0142\u0105czna wysoko\u015b\u0107 wydatk\u00f3w kwalifikowalnych Projektu wynosi: 7 428 693,31 z\u0142<\/p>\t\t\t\t\t\t<\/div>\n\t\t\t\t<\/div>\n\t\t\t\t<div class=\"elementor-element elementor-element-38b696b elementor-widget elementor-widget-heading\" data-id=\"38b696b\" data-element_type=\"widget\" data-widget_type=\"heading.default\">\n\t\t\t\t<div class=\"elementor-widget-container\">\n\t\t\t<h2 class=\"elementor-heading-title elementor-size-default\">Informacja o mo\u017cliwo\u015bci zg\u0142aszania o niezgodno\u015bci projektu<\/h2>\t\t<\/div>\n\t\t\t\t<\/div>\n\t\t\t\t<div class=\"elementor-element elementor-element-1356461 elementor-widget elementor-widget-text-editor\" data-id=\"1356461\" data-element_type=\"widget\" data-widget_type=\"text-editor.default\">\n\t\t\t\t<div class=\"elementor-widget-container\">\n\t\t\t\t\t\t\t<p>Uczelnia informuje, o mo\u017cliwo\u015bci zg\u0142aszania podejrzenia o niezgodno\u015bci Projektu lub dzia\u0142a\u0144 Beneficjenta z Konwencj\u0105 o prawach os\u00f3b niepe\u0142nosprawnych sporz\u0105dzon\u0105 w Nowym Jorku dnia 13 grudnia 2006 r. (Dz. U. z 2012 r. poz. 1169, z p\u00f3\u017an. zm.), zwanej dalej \u201eKPON\u201d. Sygna\u0142y, zg\u0142oszenia lub skargi dotycz\u0105ce wyst\u0105pienia niezgodno\u015bci projekt\u00f3w FERS z postanowieniami KPON mog\u0105 przekazywa\u0107 osoby fizyczne (uczestnicy projekt\u00f3w lub ich pe\u0142nomocnicy i przedstawiciele), instytucje uczestnicz\u0105ce we wdra\u017caniu funduszy Unii Europejskiej, strona spo\u0142eczna (stowarzyszenia, fundacje), za pomoc\u0105 (w ka\u017cdym poni\u017cszym przypadku uznaje si\u0119 zg\u0142oszenie za przekazane w formie pisemnej):<br \/>1) poczty tradycyjnej \u2013 w formie listownej na adres ministerstwa: Ministerstwo Funduszy i Polityki Regionalnej, ul. Wsp\u00f3lna 2\/4, 00-926 Warszawa lub adres Instytucji Po\u015brednicz\u0105cej: Narodowe Centrum Bada\u0144 i Rozwoju, Ul. Chmielna 69, 00-801 Warszawa,<br \/>2) skrzynki nadawczej e-puap Ministerstwa Funduszy i Polityki Regionalnej lub Narodowego Centrum Bada\u0144 i Rozwoju.<\/p><p>Projekt wsp\u00f3\u0142finansowany z Europejskiego Funduszu Spo\u0142ecznego Plus w ramach Programu Fundusze Europejskie dla Rozwoju Spo\u0142ecznego 2021-2027 w ramach Priorytetu 3 Dost\u0119pno\u015b\u0107 i us\u0142ugi dla os\u00f3b <br \/>z niepe\u0142nosprawno\u015bciami, Dzia\u0142ania 03.01 Dost\u0119pno\u015b\u0107 szkolnictwa wy\u017cszego.<\/p><p>\u00a0<\/p><p><u><a href=\"https:\/\/www.facebook.com\/hashtag\/funduszeeuropejskie\">#FunduszeUE<\/a><\/u> <u><a href=\"https:\/\/x.com\/MFIPR_GOV_PL\">#FunduszeEuropejskie<\/a><\/u><\/p>\t\t\t\t\t\t<\/div>\n\t\t\t\t<\/div>\n\t\t\t\t<\/div>\n\t\t\t\t\t<\/div>\n\t\t\t\t<\/div>\n\t\t\t\t<\/div>\n\t\t","protected":false},"excerpt":{"rendered":"<p>\u00a0Celem projektu jest dalsze ograniczanie barier w korzystaniu z oferty edukacyjnej Szko\u0142y G\u0142\u00f3wnej Gospodarstwa Wiejskiego w Warszawie w latach 2025 \u2013 2028 oraz tworzenie i promowanie \u015brodowiska akademickiego przyjaznego dla os\u00f3b ze szczeg\u00f3lnymi potrzebami, w tym z niepe\u0142nosprawno\u015bciami w sformalizowanej wsp\u00f3\u0142pracy z Partnerem Projektu (Fundacja Instytut Rozwoju Regionalnego). Kolejne za\u0142o\u017cenie to zwi\u0119kszenie \u015bwiadomo\u015bci i kompetencji [&hellip;]<\/p>\n","protected":false},"author":1,"featured_media":0,"parent":0,"menu_order":0,"comment_status":"closed","ping_status":"closed","template":"","meta":{"_acf_changed":false,"footnotes":""},"class_list":["post-871","page","type-page","status-publish","hentry"],"acf":[],"_links":{"self":[{"href":"https:\/\/urs.sggw.edu.pl\/pl\/wp-json\/wp\/v2\/pages\/871","targetHints":{"allow":["GET"]}}],"collection":[{"href":"https:\/\/urs.sggw.edu.pl\/pl\/wp-json\/wp\/v2\/pages"}],"about":[{"href":"https:\/\/urs.sggw.edu.pl\/pl\/wp-json\/wp\/v2\/types\/page"}],"author":[{"embeddable":true,"href":"https:\/\/urs.sggw.edu.pl\/pl\/wp-json\/wp\/v2\/users\/1"}],"replies":[{"embeddable":true,"href":"https:\/\/urs.sggw.edu.pl\/pl\/wp-json\/wp\/v2\/comments?post=871"}],"version-history":[{"count":73,"href":"https:\/\/urs.sggw.edu.pl\/pl\/wp-json\/wp\/v2\/pages\/871\/revisions"}],"predecessor-version":[{"id":2903,"href":"https:\/\/urs.sggw.edu.pl\/pl\/wp-json\/wp\/v2\/pages\/871\/revisions\/2903"}],"wp:attachment":[{"href":"https:\/\/urs.sggw.edu.pl\/pl\/wp-json\/wp\/v2\/media?parent=871"}],"curies":[{"name":"wp","href":"https:\/\/api.w.org\/{rel}","templated":true}]}}